{"id":14802,"date":"2022-05-17T15:58:32","date_gmt":"2022-05-17T15:58:32","guid":{"rendered":"https:\/\/cusco4travel.com\/tours-de-un-dia\/"},"modified":"2022-07-21T18:41:35","modified_gmt":"2022-07-21T18:41:35","slug":"passeios-de-um-dia","status":"publish","type":"page","link":"https:\/\/cusco4travel.com\/pt-br\/passeios-de-um-dia\/","title":{"rendered":"Passeios de um dia"},"content":{"rendered":"<p>[vc_row][vc_column][vc_column_text]Em Cusco, cada canto est\u00e1 cheio de hist\u00f3ria. Porque a antiga capital do Peru (durante o Imp\u00e9rio Inca), ainda mant\u00e9m vest\u00edgios do que foi o poder mais importante desta antiga civiliza\u00e7\u00e3o. A hist\u00f3ria antiga \u00e9 respirada em cada passo que voc\u00ea d\u00e1 pelas ruas de suas cidades, que parecem ter parado no tempo.[\/vc_column_text][vc_empty_space height=&#8221;25&#8243;]<img decoding=\"async\" src=\"https:\/\/cusco4travel.com\/wp-content\/themes\/CT4\/images\/no-tours-pt.jpg\" class=\"img-responsive mb-20\">[\/vc_column][\/vc_row]<\/p>\n","protected":false},"excerpt":{"rendered":"<p>[vc_row][vc_column][vc_column_text]Em Cusco, cada canto est\u00e1 cheio de hist\u00f3ria. Porque a antiga capital do Peru (durante o Imp\u00e9rio Inca), ainda mant\u00e9m vest\u00edgios do que foi o poder mais importante desta antiga civiliza\u00e7\u00e3o. A hist\u00f3ria antiga \u00e9 respirada em cada passo que voc\u00ea d\u00e1 pelas ruas de suas cidades, que parecem ter parado no tempo.[\/vc_column_text][vc_empty_space height=&#8221;25&#8243;][\/vc_column][\/vc_row]<\/p>\n","protected":false},"author":1,"featured_media":0,"parent":0,"menu_order":10,"comment_status":"closed","ping_status":"closed","template":"","meta":{"footnotes":""},"class_list":["post-14802","page","type-page","status-publish","hentry"],"_links":{"self":[{"href":"https:\/\/cusco4travel.com\/pt-br\/wp-json\/wp\/v2\/pages\/14802","targetHints":{"allow":["GET"]}}],"collection":[{"href":"https:\/\/cusco4travel.com\/pt-br\/wp-json\/wp\/v2\/pages"}],"about":[{"href":"https:\/\/cusco4travel.com\/pt-br\/wp-json\/wp\/v2\/types\/page"}],"author":[{"embeddable":true,"href":"https:\/\/cusco4travel.com\/pt-br\/wp-json\/wp\/v2\/users\/1"}],"replies":[{"embeddable":true,"href":"https:\/\/cusco4travel.com\/pt-br\/wp-json\/wp\/v2\/comments?post=14802"}],"version-history":[{"count":0,"href":"https:\/\/cusco4travel.com\/pt-br\/wp-json\/wp\/v2\/pages\/14802\/revisions"}],"wp:attachment":[{"href":"https:\/\/cusco4travel.com\/pt-br\/wp-json\/wp\/v2\/media?parent=14802"}],"curies":[{"name":"wp","href":"https:\/\/api.w.org\/{rel}","templated":true}]}}