{"id":14791,"date":"2022-05-17T15:39:48","date_gmt":"2022-05-17T15:39:48","guid":{"rendered":"https:\/\/cusco4travel.com\/tours-clasicos\/"},"modified":"2022-07-21T18:32:38","modified_gmt":"2022-07-21T18:32:38","slug":"passeios-classicos","status":"publish","type":"page","link":"https:\/\/cusco4travel.com\/pt-br\/passeios-classicos\/","title":{"rendered":"Passeios Cl\u00e1ssicos"},"content":{"rendered":"<p>[vc_row][vc_column][vc_column_text]Em Cusco, cada canto est\u00e1 cheio de hist\u00f3ria. Porque a antiga capital do Peru (durante o Imp\u00e9rio Inca), ainda mant\u00e9m vest\u00edgios do que foi o poder mais importante desta antiga civiliza\u00e7\u00e3o. A hist\u00f3ria antiga \u00e9 respirada em cada passo que voc\u00ea d\u00e1 pelas ruas de suas cidades, que parecem ter parado no tempo.[\/vc_column_text][vc_empty_space height=&#8221;25&#8243;]<div class=\"row\"><div class=\"col-lg-6 col-md-6 col-sm-12 col-xs-12 mb-30\"><div class=\"tour-overlay\"><img decoding=\"async\" src=\"https:\/\/cusco4travel.com\/wp-content\/uploads\/2022\/05\/Salineras-De-Maras-\u2013-Moray-7-800x449.jpg\" class=\"img-responsive\"><div class=\"footer-tour\"><h3 class=\"text-uppercase\">Minas De Sal De Maras &#8211; Moray<\/h3><h4 class=\"text-uppercase\">Cusco 4 Travel<\/h4><\/div><div class=\"contenido-overlay overlay-xs-1\"><p>Venha conhecer esses dois lugares maravilhosos da cultura Inca que est\u00e3o localizados no Vale Sagrado dos Incas As minas de sal de Maras, o sal rosa protagonista de muitos pratos da comida peruana E Moray com suas plataformas circulares<\/p><a href=\"https:\/\/cusco4travel.com\/pt-br\/tour\/minas-de-sal-de-maras-moray\/\" class=\"btn-ver-tour\">MAIS INFORMA\u00c7\u00c3O <i class=\"themestek-liviza-icon-angle-right\"><\/i><\/a><\/div><\/div><\/div><div class=\"col-lg-6 col-md-6 col-sm-12 col-xs-12 mb-30\"><div class=\"tour-overlay\"><img decoding=\"async\" src=\"https:\/\/cusco4travel.com\/wp-content\/uploads\/2022\/07\/Andahuaylillas-Capilla-Sixtina-de-America-800x449.jpg\" class=\"img-responsive\"><div class=\"footer-tour\"><h3 class=\"text-uppercase\">Vale Sul &#8211; Rota Barroca \/ Meio Dia<\/h3><h4 class=\"text-uppercase\">Cusco 4 Travel<\/h4><\/div><div class=\"contenido-overlay overlay-xs-1\"><p>Em cada canto Cusco te surpreende com suas belas paisagens naturais, centros arqueol\u00f3gicos, arquitetura e gastronomia Anime-se visitando O Vale Sul Tip\u00f3n com suas fontes de \u00e1gua rituais, arquitetura pr\u00e9-inca e Wari em Pikillacta e a bela capela...<\/p><a href=\"https:\/\/cusco4travel.com\/pt-br\/tour\/vale-sul-rota-barroca-meio-dia\/\" class=\"btn-ver-tour\">MAIS INFORMA\u00c7\u00c3O <i class=\"themestek-liviza-icon-angle-right\"><\/i><\/a><\/div><\/div><\/div><div class=\"col-lg-6 col-md-6 col-sm-12 col-xs-12 mb-30\"><div class=\"tour-overlay\"><img decoding=\"async\" src=\"https:\/\/cusco4travel.com\/wp-content\/uploads\/2022\/07\/Sacsayhuaman-Header-800x449.jpg\" class=\"img-responsive\"><div class=\"footer-tour\"><h3 class=\"text-uppercase\">City Tour<\/h3><h4 class=\"text-uppercase\">Cusco 4 Travel<\/h4><\/div><div class=\"contenido-overlay overlay-xs-1\"><p>Conhe\u00e7a a cidade mais importante do imp\u00e9rio inca CUSCO e seus arredores, um dos passeios mais visitados por sua arquitetura e hist\u00f3ria \u00c9 o in\u00edcio do contato com a incr\u00edvel cultura Inca, que o levar\u00e1 a conhecer os impressionantes s\u00edtios...<\/p><a href=\"https:\/\/cusco4travel.com\/pt-br\/tour\/city-tour\/\" class=\"btn-ver-tour\">MAIS INFORMA\u00c7\u00c3O <i class=\"themestek-liviza-icon-angle-right\"><\/i><\/a><\/div><\/div><\/div><\/div>[\/vc_column][\/vc_row]<\/p>\n","protected":false},"excerpt":{"rendered":"<p>[vc_row][vc_column][vc_column_text]Em Cusco, cada canto est\u00e1 cheio de hist\u00f3ria. Porque a antiga capital do Peru (durante o Imp\u00e9rio Inca), ainda mant\u00e9m vest\u00edgios do que foi o poder mais importante desta antiga civiliza\u00e7\u00e3o. A hist\u00f3ria antiga \u00e9 respirada em cada passo que voc\u00ea d\u00e1 pelas ruas de suas cidades, que parecem ter parado no tempo.[\/vc_column_text][vc_empty_space height=&#8221;25&#8243;][\/vc_column][\/vc_row]<\/p>\n","protected":false},"author":1,"featured_media":0,"parent":0,"menu_order":10,"comment_status":"closed","ping_status":"closed","template":"","meta":{"footnotes":""},"class_list":["post-14791","page","type-page","status-publish","hentry"],"_links":{"self":[{"href":"https:\/\/cusco4travel.com\/pt-br\/wp-json\/wp\/v2\/pages\/14791","targetHints":{"allow":["GET"]}}],"collection":[{"href":"https:\/\/cusco4travel.com\/pt-br\/wp-json\/wp\/v2\/pages"}],"about":[{"href":"https:\/\/cusco4travel.com\/pt-br\/wp-json\/wp\/v2\/types\/page"}],"author":[{"embeddable":true,"href":"https:\/\/cusco4travel.com\/pt-br\/wp-json\/wp\/v2\/users\/1"}],"replies":[{"embeddable":true,"href":"https:\/\/cusco4travel.com\/pt-br\/wp-json\/wp\/v2\/comments?post=14791"}],"version-history":[{"count":0,"href":"https:\/\/cusco4travel.com\/pt-br\/wp-json\/wp\/v2\/pages\/14791\/revisions"}],"wp:attachment":[{"href":"https:\/\/cusco4travel.com\/pt-br\/wp-json\/wp\/v2\/media?parent=14791"}],"curies":[{"name":"wp","href":"https:\/\/api.w.org\/{rel}","templated":true}]}}