{"id":14707,"date":"2022-05-17T23:06:32","date_gmt":"2022-05-17T23:06:32","guid":{"rendered":"https:\/\/cusco4travel.com\/quienes-somos\/"},"modified":"2022-07-21T18:50:45","modified_gmt":"2022-07-21T18:50:45","slug":"sobre-nos-cusco4travel","status":"publish","type":"page","link":"https:\/\/cusco4travel.com\/pt-br\/sobre-nos-cusco4travel\/","title":{"rendered":"Sobre N\u00f3s Cusco4travel"},"content":{"rendered":"<p>[vc_row gap=&#8221;0px&#8221; rtl_reverse=&#8221;&#8221; content_placement=&#8221;middle&#8221; css=&#8221;.vc_custom_1658152279739{margin-top: 0px !important;margin-bottom: 40px !important;border-top-width: 0px !important;border-bottom-width: 0px !important;padding-top: 0px !important;padding-bottom: 0px !important;}&#8221; themestek_responsive_css=&#8221;74838592|colbreak_no|||0||||0||colbreak_no|||||||||colbreak_no||||||||||colbreak_no|||||||||&#8221;][vc_column][vc_row_inner][vc_column_inner width=&#8221;1\/2&#8243;][vc_column_text]<strong>A CUSCO 4 TRAVEL EIRL<\/strong> \u00e9 uma ag\u00eancia operadora de turismo que vem se posicionando no mercado. Oferecemos as melhores op\u00e7\u00f5es de viagens em nosso pa\u00eds, proporcionando experi\u00eancias \u00fanicas e adaptadas \u00e0s suas necessidades. H\u00e1 mais de 10 anos nos forjamos como uma empresa s\u00e9ria e acolhedora em resposta \u00e0s demandas e expectativas de nossos clientes, o que nos permitiu construir um diret\u00f3rio de clientes fi\u00e9is e satisfeitos.<\/p>\n<p><strong>A CUSCO 4 TRAVEL<\/strong> caracteriza-se por dar respostas r\u00e1pidas e eficientes, oferecendo aconselhamento constante aos nossos passageiros. Somos especializados na gest\u00e3o de turismo amig\u00e1vel individual e em grupo, oferecendo servi\u00e7os tur\u00edsticos diferenciados, com roteiros personalizados de acordo com as demandas do turista, atuando em todos os segmentos tur\u00edsticos.[\/vc_column_text][\/vc_column_inner][vc_column_inner width=&#8221;1\/2&#8243;][vc_single_image image=&#8221;14059&#8243; img_size=&#8221;large&#8221; alignment=&#8221;center&#8221; onclick=&#8221;link_image&#8221;][\/vc_column_inner][\/vc_row_inner][vc_column_text]<strong>A CUSCO 4 TRAVEL<\/strong> est\u00e1 localizada na cidade de Cusco. Conta com uma equipe de profissionais qualificados, que prestam atendimento personalizado com aten\u00e7\u00e3o 24 horas por dia, guias especializados em idiomas tradicionais e n\u00e3o tradicionais e servi\u00e7o de transporte tur\u00edstico.[\/vc_column_text][\/vc_column][\/vc_row][vc_row full_width=&#8221;stretch_row&#8221; full_height=&#8221;yes&#8221; equal_height=&#8221;yes&#8221; rtl_reverse=&#8221;&#8221; content_placement=&#8221;middle&#8221; parallax=&#8221;content-moving-fade&#8221; css_animation=&#8221;fadeIn&#8221; css=&#8221;.vc_custom_1658159228419{margin-top: 0px !important;margin-bottom: 0px !important;border-top-width: 0px !important;border-bottom-width: 0px !important;padding-top: 150px !important;padding-bottom: 150px !important;background-image: url(https:\/\/cusco4travel.com\/wp-content\/uploads\/2022\/07\/Montana-Colorada-Amarillo-3.jpg?id=14382) !important;}&#8221;][vc_column]<h2 style=\"text-align:center;font-size:35;color:#555555;\" class=\"themestek-custom-heading vc_custom_1658409184144\" >NOSSA FILOSOFIA<\/h2>\n[vc_row_inner][vc_column_inner width=&#8221;1\/2&#8243;]<h4 style=\"text-align:left;font-size:18;color:#dc4242;\" class=\"themestek-custom-heading \" >MISS\u00c3O<\/h4>\n[vc_column_text]Prestar atendimento personalizado e atendimento de qualidade e confiabilidade, atrav\u00e9s do bom atendimento de nossa equipe devidamente treinada, com respostas precisas, precisas e eficientes o mais r\u00e1pido poss\u00edvel, projetando viagens \u00fanicas a pre\u00e7os acess\u00edveis, buscando sempre satisfazer as necessidades do cliente, assessorando antes, durante e depois, conseguindo superar as expectativas dos nossos clientes.[\/vc_column_text][\/vc_column_inner][vc_column_inner width=&#8221;1\/2&#8243;]<h4 style=\"text-align:left;font-size:18;color:#dc4242;\" class=\"themestek-custom-heading \" >VIS\u00c3O: ONDE ASPIRAMOS<\/h4>\n[vc_column_text]Tornar-se-\u00e1 uma Ag\u00eancia de Viagens diversificada e diferenciada, reconhecida no pa\u00eds do Peru pela confian\u00e7a e seguran\u00e7a que proporcionamos aos nossos clientes, oferecendo servi\u00e7os inovadores de tend\u00eancia e garantindo uma atividade tur\u00edstica est\u00e1vel, baseada em bons relacionamentos que atendam \u00e0s expectativas de nossos clientes.[\/vc_column_text][\/vc_column_inner][\/vc_row_inner]<h2 style=\"text-align:center;font-size:35;color:#555555;\" class=\"themestek-custom-heading vc_custom_1658409304938\" >NOSSOS VALORES<\/h2>\n<div style=\"text-align:center;font-size:20;color:#555555;\" class=\"themestek-custom-heading vc_custom_1658409325525\" >Qualidade de Servi\u00e7o, Gentileza, Confian\u00e7a, Seguran\u00e7a, Honestidade, Pontualidade, Paix\u00e3o, Comprometimento, Inova\u00e7\u00e3o, Trabalho em Equipe e Toler\u00e2ncia.<\/div>\n[\/vc_column][\/vc_row][vc_row][vc_column]<h2 style=\"text-align:center;font-size:35;color:#555555;\" class=\"themestek-custom-heading vc_custom_1658409346518\" >RAZ\u00d5ES PARA NOS ESCOLHER<\/h2>\n[vc_row_inner][vc_column_inner width=&#8221;1\/3&#8243;][vc_single_image image=&#8221;14068&#8243; img_size=&#8221;large&#8221; alignment=&#8221;center&#8221; onclick=&#8221;link_image&#8221;][\/vc_column_inner][vc_column_inner width=&#8221;1\/3&#8243;][vc_single_image image=&#8221;13807&#8243; img_size=&#8221;large&#8221; alignment=&#8221;center&#8221; onclick=&#8221;link_image&#8221;][\/vc_column_inner][vc_column_inner width=&#8221;1\/3&#8243;][vc_single_image image=&#8221;13804&#8243; img_size=&#8221;large&#8221; alignment=&#8221;center&#8221; onclick=&#8221;link_image&#8221;][\/vc_column_inner][\/vc_row_inner][vc_column_text]<\/p>\n<ul>\n<li><strong>Nossa equipe de trabalho \u00e9 altamente qualificada e experiente<\/strong> juntamente com uma s\u00f3lida rede de parceiros em todo o Peru onde atuamos. Somos uma equipa que est\u00e1 em constante forma\u00e7\u00e3o, capacita\u00e7\u00e3o em novos destinos e turismo inovador. Desta forma oferecemos aos nossos clientes um produto diferenciado, adaptado \u00e0s suas necessidades e totalmente \u00e0 medida.<\/li>\n<li><strong>Oferecemos Seguran\u00e7a<\/strong>, que lhe permitir\u00e1 ter uma estadia agrad\u00e1vel sem complica\u00e7\u00f5es, respondendo \u00e0s suas d\u00favidas antes, durante e depois da sua viagem prevista.<\/li>\n<li>Tempo, se voc\u00ea \u00e9 uma pessoa muito ocupada, organizaremos seu roteiro de acordo com suas necessidades e expectativas, onde voc\u00ea ter\u00e1 tempo sozinho para aproveitar sua viagem.<\/li>\n<li>Nossa experi\u00eancia nos permite prestar um atendimento personalizado e passeios qualificados com pre\u00e7os acess\u00edveis e diferenciados no mercado.<\/li>\n<\/ul>\n<p>[\/vc_column_text][\/vc_column][\/vc_row]<\/p>\n","protected":false},"excerpt":{"rendered":"<p>[vc_row gap=&#8221;0px&#8221; rtl_reverse=&#8221;&#8221; content_placement=&#8221;middle&#8221; css=&#8221;.vc_custom_1658152279739{margin-top: 0px !important;margin-bottom: 40px !important;border-top-width: 0px !important;border-bottom-width: 0px !important;padding-top: 0px !important;padding-bottom: 0px !important;}&#8221; themestek_responsive_css=&#8221;74838592|colbreak_no|||0||||0||colbreak_no|||||||||colbreak_no||||||||||colbreak_no|||||||||&#8221;][vc_column][vc_row_inner][vc_column_inner width=&#8221;1\/2&#8243;][vc_column_text]A CUSCO 4 TRAVEL EIRL \u00e9 uma ag\u00eancia operadora de turismo que vem se posicionando no mercado. Oferecemos as melhores op\u00e7\u00f5es de viagens em nosso pa\u00eds, proporcionando experi\u00eancias \u00fanicas e adaptadas \u00e0s suas necessidades. H\u00e1 mais de &hellip; <a href=\"https:\/\/cusco4travel.com\/pt-br\/sobre-nos-cusco4travel\/\" class=\"more-link\">Continue reading <span class=\"screen-reader-text\">Sobre N\u00f3s Cusco4travel<\/span><\/a><\/p>\n","protected":false},"author":1,"featured_media":0,"parent":0,"menu_order":0,"comment_status":"closed","ping_status":"closed","template":"","meta":{"footnotes":""},"class_list":["post-14707","page","type-page","status-publish","hentry"],"_links":{"self":[{"href":"https:\/\/cusco4travel.com\/pt-br\/wp-json\/wp\/v2\/pages\/14707","targetHints":{"allow":["GET"]}}],"collection":[{"href":"https:\/\/cusco4travel.com\/pt-br\/wp-json\/wp\/v2\/pages"}],"about":[{"href":"https:\/\/cusco4travel.com\/pt-br\/wp-json\/wp\/v2\/types\/page"}],"author":[{"embeddable":true,"href":"https:\/\/cusco4travel.com\/pt-br\/wp-json\/wp\/v2\/users\/1"}],"replies":[{"embeddable":true,"href":"https:\/\/cusco4travel.com\/pt-br\/wp-json\/wp\/v2\/comments?post=14707"}],"version-history":[{"count":0,"href":"https:\/\/cusco4travel.com\/pt-br\/wp-json\/wp\/v2\/pages\/14707\/revisions"}],"wp:attachment":[{"href":"https:\/\/cusco4travel.com\/pt-br\/wp-json\/wp\/v2\/media?parent=14707"}],"curies":[{"name":"wp","href":"https:\/\/api.w.org\/{rel}","templated":true}]}}