{"id":14695,"date":"2018-08-03T06:04:16","date_gmt":"2018-08-03T06:04:16","guid":{"rendered":"https:\/\/cusco4travel.com\/contactenos\/"},"modified":"2022-09-29T16:55:18","modified_gmt":"2022-09-29T16:55:18","slug":"contate-nos","status":"publish","type":"page","link":"https:\/\/cusco4travel.com\/pt-br\/contate-nos\/","title":{"rendered":"Contate-nos"},"content":{"rendered":"<p>Agradecemos a sua visita ao nosso site, queremos saber os seus coment\u00e1rios, preocupa\u00e7\u00f5es ou d\u00favidas sobre os nossos servi\u00e7os. Se voc\u00ea quiser consultar algo sobre nossos servi\u00e7os, por favor. Preencha o seguinte formul\u00e1rio e logo que poss\u00edvel estaremos a responder \u00e0 informa\u00e7\u00e3o que nos solicitou.<\/p>\n","protected":false},"excerpt":{"rendered":"<p>Agradecemos a sua visita ao nosso site, queremos saber os seus coment\u00e1rios, preocupa\u00e7\u00f5es ou d\u00favidas sobre os nossos servi\u00e7os. Se voc\u00ea quiser consultar algo sobre nossos servi\u00e7os, por favor. Preencha o seguinte formul\u00e1rio e logo que poss\u00edvel estaremos a responder \u00e0 informa\u00e7\u00e3o que nos solicitou.<\/p>\n","protected":false},"author":1,"featured_media":0,"parent":0,"menu_order":10,"comment_status":"closed","ping_status":"closed","template":"template-contactenos.php","meta":{"footnotes":""},"class_list":["post-14695","page","type-page","status-publish","hentry"],"_links":{"self":[{"href":"https:\/\/cusco4travel.com\/pt-br\/wp-json\/wp\/v2\/pages\/14695","targetHints":{"allow":["GET"]}}],"collection":[{"href":"https:\/\/cusco4travel.com\/pt-br\/wp-json\/wp\/v2\/pages"}],"about":[{"href":"https:\/\/cusco4travel.com\/pt-br\/wp-json\/wp\/v2\/types\/page"}],"author":[{"embeddable":true,"href":"https:\/\/cusco4travel.com\/pt-br\/wp-json\/wp\/v2\/users\/1"}],"replies":[{"embeddable":true,"href":"https:\/\/cusco4travel.com\/pt-br\/wp-json\/wp\/v2\/comments?post=14695"}],"version-history":[{"count":0,"href":"https:\/\/cusco4travel.com\/pt-br\/wp-json\/wp\/v2\/pages\/14695\/revisions"}],"wp:attachment":[{"href":"https:\/\/cusco4travel.com\/pt-br\/wp-json\/wp\/v2\/media?parent=14695"}],"curies":[{"name":"wp","href":"https:\/\/api.w.org\/{rel}","templated":true}]}}