{"id":13721,"date":"2018-08-02T08:54:20","date_gmt":"2018-08-02T08:54:20","guid":{"rendered":"https:\/\/cusco4travel.com\/homepage-1\/"},"modified":"2023-09-18T19:00:23","modified_gmt":"2023-09-18T19:00:23","slug":"home","status":"publish","type":"page","link":"https:\/\/cusco4travel.com\/pt-br\/","title":{"rendered":"In\u00edcio"},"content":{"rendered":"<p>[vc_row css=&#8221;.vc_custom_1652990392310{margin-top: 0px !important;margin-bottom: 0px !important;border-top-width: 0px !important;border-bottom-width: 0px !important;padding-top: 0px !important;padding-bottom: 0px !important;}&#8221;][vc_column][vc_row_inner content_placement=&#8221;middle&#8221; gap=&#8221;0px&#8221;][vc_column_inner width=&#8221;2\/3&#8243;][vc_single_image image=&#8221;14303&#8243; img_size=&#8221;large&#8221; alignment=&#8221;center&#8221;][vc_empty_space height=&#8221;15px&#8221;][\/vc_column_inner][vc_column_inner width=&#8221;1\/3&#8243;]<div style=\"text-align:right;\" class=\"themestek-custom-heading home-welcome \" ><strong>atividades tur\u00edsticas<\/strong> e<br \/>\n<strong>esportes radicais<\/strong><br \/>\ngastronomia <strong>tradicional<\/strong><br \/>\nvariedade de <strong>culturas e<br \/>\nfolclore<\/strong><\/div>\n[vc_empty_space height=&#8221;35px&#8221;][\/vc_column_inner][\/vc_row_inner][vc_empty_space height=&#8221;10&#8243;]<div style=\"text-align:center;font-size:22px;line-height:1.2;color:#555555;\" class=\"themestek-custom-heading text-home \" >Somos uma ag\u00eancia localizada na cidade de Cusco, Peru. Oferecemos experi\u00eancias - TUDO SOBRE A VIAGEM - dirigidas a diversos grupos de pessoas.<\/div>\n[vc_empty_space height=&#8221;20&#8243;][\/vc_column][\/vc_row][vc_row el_id=&#8221;tours&#8221; css=&#8221;.vc_custom_1652990402010{margin-top: 0px !important;margin-bottom: 0px !important;border-top-width: 0px !important;border-bottom-width: 0px !important;padding-top: 0px !important;padding-bottom: 0px !important;}&#8221;][vc_column][vc_empty_space height=&#8221;30px&#8221;]<div class=\"row\"><div class=\"col-lg-6 col-md-6 col-sm-12 col-xs-12 mb-30\"><div class=\"tour-overlay\"><img decoding=\"async\" src=\"https:\/\/cusco4travel.com\/wp-content\/uploads\/2022\/05\/Salineras-De-Maras-\u2013-Moray-7-800x449.jpg\" class=\"img-responsive\"><div class=\"footer-tour\"><h3 class=\"text-uppercase\">Minas De Sal De Maras &#8211; Moray<\/h3><h4 class=\"text-uppercase\">Cusco 4 Travel<\/h4><\/div><div class=\"contenido-overlay overlay-xs-1\"><p>Venha conhecer esses dois lugares maravilhosos da cultura Inca que est\u00e3o localizados no Vale Sagrado dos Incas As minas de sal de Maras, o sal rosa protagonista de muitos pratos da comida peruana E Moray com suas plataformas circulares<\/p><a href=\"https:\/\/cusco4travel.com\/pt-br\/tour\/minas-de-sal-de-maras-moray\/\" class=\"btn-ver-tour\">MAIS INFORMA\u00c7\u00c3O <i class=\"themestek-liviza-icon-angle-right\"><\/i><\/a><\/div><\/div><\/div><div class=\"col-lg-6 col-md-6 col-sm-12 col-xs-12 mb-30\"><div class=\"tour-overlay\"><img decoding=\"async\" src=\"https:\/\/cusco4travel.com\/wp-content\/uploads\/2022\/07\/Andahuaylillas-Capilla-Sixtina-de-America-800x449.jpg\" class=\"img-responsive\"><div class=\"footer-tour\"><h3 class=\"text-uppercase\">Vale Sul &#8211; Rota Barroca \/ Meio Dia<\/h3><h4 class=\"text-uppercase\">Cusco 4 Travel<\/h4><\/div><div class=\"contenido-overlay overlay-xs-1\"><p>Em cada canto Cusco te surpreende com suas belas paisagens naturais, centros arqueol\u00f3gicos, arquitetura e gastronomia Anime-se visitando O Vale Sul Tip\u00f3n com suas fontes de \u00e1gua rituais, arquitetura pr\u00e9-inca e Wari em Pikillacta e a bela capela...<\/p><a href=\"https:\/\/cusco4travel.com\/pt-br\/tour\/vale-sul-rota-barroca-meio-dia\/\" class=\"btn-ver-tour\">MAIS INFORMA\u00c7\u00c3O <i class=\"themestek-liviza-icon-angle-right\"><\/i><\/a><\/div><\/div><\/div><div class=\"col-lg-6 col-md-6 col-sm-12 col-xs-12 mb-30\"><div class=\"tour-overlay\"><img decoding=\"async\" src=\"https:\/\/cusco4travel.com\/wp-content\/uploads\/2022\/07\/Sacsayhuaman-Header-800x449.jpg\" class=\"img-responsive\"><div class=\"footer-tour\"><h3 class=\"text-uppercase\">City Tour<\/h3><h4 class=\"text-uppercase\">Cusco 4 Travel<\/h4><\/div><div class=\"contenido-overlay overlay-xs-1\"><p>Conhe\u00e7a a cidade mais importante do imp\u00e9rio inca CUSCO e seus arredores, um dos passeios mais visitados por sua arquitetura e hist\u00f3ria \u00c9 o in\u00edcio do contato com a incr\u00edvel cultura Inca, que o levar\u00e1 a conhecer os impressionantes s\u00edtios...<\/p><a href=\"https:\/\/cusco4travel.com\/pt-br\/tour\/city-tour\/\" class=\"btn-ver-tour\">MAIS INFORMA\u00c7\u00c3O <i class=\"themestek-liviza-icon-angle-right\"><\/i><\/a><\/div><\/div><\/div><\/div>[vc_empty_space height=&#8221;50&#8243;][\/vc_column][\/vc_row][vc_row full_width=&#8221;stretch_row_content_no_spaces&#8221; content_placement=&#8221;middle&#8221; parallax=&#8221;content-moving&#8221; parallax_image=&#8221;13948&#8243; css=&#8221;.vc_custom_1652825684019{margin-top: 0px !important;margin-bottom: 0px !important;border-top-width: 0px !important;border-bottom-width: 0px !important;padding-top: 100px !important;padding-bottom: 100px !important;background-color: rgba(0,0,0,0.5) !important;*background-color: rgb(0,0,0) !important;}&#8221;][vc_column][vc_btn title=&#8221;CONTATE-NOS&#8221; style=&#8221;outline&#8221; color=&#8221;white&#8221; size=&#8221;lg&#8221; align=&#8221;center&#8221; i_align=&#8221;right&#8221; i_icon_fontawesome=&#8221;fas fa-chevron-right&#8221; add_icon=&#8221;true&#8221; el_class=&#8221;subtitle-section&#8221; link=&#8221;url:https%3A%2F%2Fcusco4travel.com%2Fpt-br%2Fcontate-nos%2F|title:Contactenos&#8221;][\/vc_column][\/vc_row][vc_row css=&#8221;.vc_custom_1658076370635{margin-top: 70px !important;margin-bottom: 30px !important;border-top-width: 0px !important;border-bottom-width: 0px !important;padding-top: 0px !important;padding-bottom: 0px !important;}&#8221;][vc_column][vc_column_text]\r\n\t\t\t<div class=\"row\">\r\n\t\t\t\t<div class=\"col-md-3 col-sm-6 col-xs-12\">\r\n\t\t\t\t\t<div class=\"banner-circular\">\r\n\t\t\t\t\t\t<i><\/i>\r\n\t\t\t\t\t\t<h3>ATENDIMENTO INDIVIDUALIZADO<\/h3>\r\n\t\t\r\n\t\t\t\t\t\t<span>\u00c9 muito importante para n\u00f3s maximizar as impress\u00f5es da sua viagem atrav\u00e9s de um servi\u00e7o personalizado<\/span>\r\n\t\t\t\t\t<\/div>\r\n\t\t\t\t<\/div>\r\n\t\t\t\t<div class=\"col-md-3 col-sm-6 col-xs-12\">\r\n\t\t\t\t\t<div class=\"banner-circular\">\r\n\t\t\t\t\t\t<i><\/i>\r\n\t\t\t\t\t\t<h3>PLANEJAMENTO<\/h3>\r\n\t\t\r\n\t\t\t\t\t\t<span>A motiva\u00e7\u00e3o que o leva a explorar, fugir, descobrir novas culturas, paisagens e povos, inspira-nos a organizar a sua viagem cuidando de cada detalhe de acordo com as suas necessidades.<\/span>\r\n\t\t\t\t\t<\/div>\r\n\t\t\t\t<\/div>\r\n\t\t\t\t<div class=\"col-md-3 col-sm-6 col-xs-12\">\r\n\t\t\t\t\t<div class=\"banner-circular\">\r\n\t\t\t\t\t\t<i><\/i>\r\n\t\t\t\t\t\t<h3>SEGURAN\u00c7A E CONFORTO<\/h3>\r\n\t\t\r\n\t\t\t\t\t\t<span>A sua seguran\u00e7a \u00e9 muito importante para n\u00f3s, al\u00e9m de o fazer sentir-se em casa, com os padr\u00f5es de qualidade e o acolhimento caloroso que nos caracteriza. A sua seguran\u00e7a \u00e9 muito importante para n\u00f3s e que se sinta em casa, com os padr\u00f5es de qualidade e o bom acolhimento que nos caracteriza.<\/span>\r\n\t\t\t\t\t<\/div>\r\n\t\t\t\t<\/div>\r\n\t\t\t\t<div class=\"col-md-3 col-sm-6 col-xs-12\">\r\n\t\t\t\t\t<div class=\"banner-circular\">\r\n\t\t\t\t\t\t<i><\/i>\r\n\t\t\t\t\t\t<h3>AG\u00caNCIA 100% PERUANA<\/h3>\r\n\t\t\r\n\t\t\t\t\t\t<span>Nossa ag\u00eancia organiza experi\u00eancias de viagem por todo o Peru h\u00e1 mais de 15 anos.<\/span>\r\n\t\t\t\t\t<\/div>\r\n\t\t\t\t<\/div>\r\n\t\t\t<\/div>\r\n\t\t[\/vc_column_text][vc_empty_space height=&#8221;35px&#8221;][vc_column_text]\r\n\t\t\t<div class=\"container\">\r\n\t\t\t\t<div class=\"viaje-seguro\">\r\n\t\t\t\t\t<h3>VIAGEM SEGURA COM CUSCO 4 TRAVEL<\/h3>\r\n\t\t\t\t\t<div class=\"logos\">\r\n\t\t\t\t\t\t<img decoding=\"async\" src=\"https:\/\/cusco4travel.com\/wp-content\/themes\/CT4\/images\/safe\/safe-travels.png\" class=\"img-responsive\">\r\n\t\t\t\t\t\t<img decoding=\"async\" src=\"https:\/\/cusco4travel.com\/wp-content\/themes\/CT4\/images\/safe\/marca-agencia-registrada.png\" class=\"img-responsive\">\r\n\t\t\t\t\t<\/div>\r\n\t\t\t\t<\/div>\r\n\t\t\t<\/div>\r\n\t\t[\/vc_column_text][\/vc_column][\/vc_row]<\/p>\n","protected":false},"excerpt":{"rendered":"<p>[vc_row css=&#8221;.vc_custom_1652990392310{margin-top: 0px !important;margin-bottom: 0px !important;border-top-width: 0px !important;border-bottom-width: 0px !important;padding-top: 0px !important;padding-bottom: 0px !important;}&#8221;][vc_column][vc_row_inner content_placement=&#8221;middle&#8221; gap=&#8221;0px&#8221;][vc_column_inner width=&#8221;2\/3&#8243;][vc_single_image image=&#8221;14303&#8243; img_size=&#8221;large&#8221; alignment=&#8221;center&#8221;][vc_empty_space height=&#8221;15px&#8221;][\/vc_column_inner][vc_column_inner width=&#8221;1\/3&#8243;][vc_empty_space height=&#8221;35px&#8221;][\/vc_column_inner][\/vc_row_inner][vc_empty_space height=&#8221;10&#8243;][vc_empty_space height=&#8221;20&#8243;][\/vc_column][\/vc_row][vc_row el_id=&#8221;tours&#8221; css=&#8221;.vc_custom_1652990402010{margin-top: 0px !important;margin-bottom: 0px !important;border-top-width: 0px !important;border-bottom-width: 0px !important;padding-top: 0px !important;padding-bottom: 0px !important;}&#8221;][vc_column][vc_empty_space height=&#8221;30px&#8221;][vc_empty_space height=&#8221;50&#8243;][\/vc_column][\/vc_row][vc_row full_width=&#8221;stretch_row_content_no_spaces&#8221; content_placement=&#8221;middle&#8221; parallax=&#8221;content-moving&#8221; parallax_image=&#8221;13948&#8243; css=&#8221;.vc_custom_1652825684019{margin-top: 0px !important;margin-bottom: 0px !important;border-top-width: 0px !important;border-bottom-width: 0px !important;padding-top: 100px &hellip; <a href=\"https:\/\/cusco4travel.com\/pt-br\/tour\/city-tour\/\" class=\"more-link\">Continue reading <span class=\"screen-reader-text\">City Tour<\/span><\/a><\/p>\n","protected":false},"author":1,"featured_media":0,"parent":0,"menu_order":1,"comment_status":"closed","ping_status":"closed","template":"","meta":{"footnotes":""},"class_list":["post-13721","page","type-page","status-publish","hentry"],"_links":{"self":[{"href":"https:\/\/cusco4travel.com\/pt-br\/wp-json\/wp\/v2\/pages\/13721","targetHints":{"allow":["GET"]}}],"collection":[{"href":"https:\/\/cusco4travel.com\/pt-br\/wp-json\/wp\/v2\/pages"}],"about":[{"href":"https:\/\/cusco4travel.com\/pt-br\/wp-json\/wp\/v2\/types\/page"}],"author":[{"embeddable":true,"href":"https:\/\/cusco4travel.com\/pt-br\/wp-json\/wp\/v2\/users\/1"}],"replies":[{"embeddable":true,"href":"https:\/\/cusco4travel.com\/pt-br\/wp-json\/wp\/v2\/comments?post=13721"}],"version-history":[{"count":1,"href":"https:\/\/cusco4travel.com\/pt-br\/wp-json\/wp\/v2\/pages\/13721\/revisions"}],"predecessor-version":[{"id":14945,"href":"https:\/\/cusco4travel.com\/pt-br\/wp-json\/wp\/v2\/pages\/13721\/revisions\/14945"}],"wp:attachment":[{"href":"https:\/\/cusco4travel.com\/pt-br\/wp-json\/wp\/v2\/media?parent=13721"}],"curies":[{"name":"wp","href":"https:\/\/api.w.org\/{rel}","templated":true}]}}